{"id":1381,"date":"2022-09-20T11:35:08","date_gmt":"2022-09-20T09:35:08","guid":{"rendered":"http:\/\/agroliux.lt\/shipping-returns\/"},"modified":"2022-12-01T13:27:55","modified_gmt":"2022-12-01T11:27:55","slug":"shipping-returns","status":"publish","type":"page","link":"https:\/\/agroliux.lt\/en\/shipping-returns\/","title":{"rendered":"Shipping &#038; Returns"},"content":{"rendered":"<p class=\"p2\">Aktuali Taisykli\u0173 redakcija 2022-11-30<\/p>\n<p class=\"p3\"><b>1. S\u0104VOKOS<\/b><\/p>\n<p class=\"p3\">1.1. Pardav\u0117jas &#8211; UAB &#8220;Agroliux&#8221;, juridinio asmens kodas 302486002, adresas J. Janonio g. 30a, LT-35289, Panev\u0117\u017eys, PVM mok\u0117tojo kodas 100005212410.<\/p>\n<p class=\"p3\">1.2. E-parduotuv\u0117 &#8211; \u0161i elektronin\u0117 parduotuv\u0117, esanti adresu https:\/\/agroliux.lt.<\/p>\n<p class=\"p3\">1.3. J\u016bs \/ Pirk\u0117jas &#8211; fizinis asmuo, pagal galiojan\u010dius teis\u0117s aktus galintis sudaryti sandorius, kuris perka prekes asmeniniam vartojimui (ne verslo tikslais).<\/p>\n<p class=\"p3\">1.4 Taisykl\u0117s &#8211; \u0161ios taisykl\u0117s, kurios nustato E-parduotuv\u0117je \u012fsigyt\u0173 preki\u0173 gr\u0105\u017einimo ir keitimo taisykles.<\/p>\n<p class=\"p3\">1.5. \u0160alys \/ \u0160alis &#8211; Pirk\u0117jas ir Pardav\u0117jas kartu arba atskirai.<\/p>\n<p class=\"p3\">1.6 Prek\u0117s \/ paslaugos &#8211; visa, kuo prekiaujama E-parduotuv\u0117je. Toliau Taisykl\u0117se nurodomos \u2018prek\u0117s\u2019 apima ir paslaugas, kai E-parduotuv\u0117je parduodamos prek\u0117s ir paslaugos, nebent Taisykl\u0117se nurodyta kitaip.<\/p>\n<p class=\"p3\"><b>2. BENDROSIOS NUOSTATOS<\/b><\/p>\n<p class=\"p3\">2.1. \u0160ios Taisykl\u0117s nustato Pirk\u0117jo ir Pardav\u0117jo tarpusavio teises ir pareigas ir atsakomyb\u0119 d\u0117l preki\u0173, \u012fsigyt\u0173 E-parduotuv\u0117je, gr\u0105\u017einimo ir keitimo.<\/p>\n<p class=\"p3\">2.2 \u0160ios taisykl\u0117s bendr\u0173j\u0173 bendr\u0173j\u0173 preki\u0173 pirkimo E-parduotuv\u0117je taisykli\u0173 dalis, su kuriomis galite susipa\u017einti \u010dia: https:\/\/agroliux.lt\/naudojimosi-taisykles\/.<\/p>\n<p class=\"p3\"><b>3. PREKI\u0172 GR\u0104\u017dINIMAS, KEITIMAS<\/b><\/p>\n<p class=\"p3\">3.1. Pirk\u0117jas turi teis\u0119 nenurodydamas prie\u017easties per 14 (keturiolika) dien\u0173 nuo prek\u0117s pristatymo (gavimo) dienos atsisakyti E-parduotuv\u0117je perkant prekes sudarytos pirkimo\u2013pardavimo sutarties, i\u0161skyrus sutartis, nurodytas Lietuvos Respublikos civilinio kodekso 6.228 str. 2 dalyje.<\/p>\n<p class=\"p3\">3.2. Nor\u0117damas gr\u0105\u017einti kokybi\u0161k\u0105 prek\u0119 (-es), Pirk\u0117jas apie tai Pardav\u0117jui turi prane\u0161ti ra\u0161tu (el.pa\u0161tu) bei u\u017epildyti preki\u0173 gra\u017einimo form\u0105, kuri\u0105 galima rasti info@agroliux.lt. Nurodyt\u0105 preki\u0173 gr\u0105\u017einimo form\u0105 Pirk\u0117jas Pardav\u0117jui taip pat gali pateikti gr\u0105\u017eindamas prekes. Prek\u0119 gr\u0105\u017einti Pirk\u0117jas privalo ne v\u0117liau kaip per 14 (keturiolika) dien\u0173 nuo prek\u0117s pristatymo (gavimo) dienos.<\/p>\n<p class=\"p3\">3.3. Gr\u0105\u017einant kokybi\u0161kas prekes, u\u017e prek\u0117s tinkam\u0105 supakavim\u0105 gr\u0105\u017einimui atsako Pirk\u0117jas. Pirk\u0117jui tenka tiesiogin\u0117s prek\u0117s gr\u0105\u017einimo i\u0161laidos, nebent Pardav\u0117jas po prane\u0161imo apie sutarties atsisakym\u0105 gavimo Pirk\u0117jui nurodo kitaip.<\/p>\n<p class=\"p3\">3.4. Prek\u0117s gali b\u016bti gr\u0105\u017einamos, gr\u0105\u017einimo b\u016bdas sutartinas su pardav\u0117ju.<\/p>\n<p class=\"p3\">3.5. Pirk\u0117jui pinigai u\u017e gr\u0105\u017einam\u0105 prek\u0119, \u012fskaitant Pirk\u0117jo u\u017e pristatym\u0105 apmok\u0117tas sumas, gr\u0105\u017einami po to, kai prek\u0117s yra gr\u0105\u017einamos Pardav\u0117jui.<\/p>\n<p class=\"p3\">3.6. Pirk\u0117jui pinigai u\u017e prekes gr\u0105\u017einami, gr\u0105\u017einimo b\u016bdas gali priklausyti nuo apmok\u0117jimo u\u017e prek\u0119 b\u016bdo .<\/p>\n<p class=\"p3\">3.7. Pardav\u0117jas nelaikomas pa\u017eeidusiu pinig\u0173 gr\u0105\u017einimo s\u0105lyg\u0173, jei pinig\u0173 jis negali perversti d\u0117l Pirk\u0117jo kalt\u0117s (delsimo gr\u0105\u017einti prekes, netiksli\u0173 duomen\u0173 ar pan.).<\/p>\n<p class=\"p3\">3.8.Pirk\u0117jui gr\u0105\u017einant prekes, b\u016btina laikytis \u0161i\u0173 s\u0105lyg\u0173:<\/p>\n<p class=\"p3\">3.8.1. gr\u0105\u017einama prek\u0117 turi b\u016bti originalioje ar kitos r\u016b\u0161ies tvarkingoje pakuot\u0117je;<\/p>\n<p class=\"p3\">3.8.2. gr\u0105\u017einama prek\u0117 turi b\u016bti Pirk\u0117jo nesugadinta;<\/p>\n<p class=\"p3\">3.8.3. gr\u0105\u017einama prek\u0117 turi b\u016bti nenaudota, nepraradusi prekin\u0117s i\u0161vaizdos (nepa\u017eeistos etiket\u0117s, apsaugin\u0117s pl\u0117vel\u0117s), \u0161is punktas netaikomas tuo atveju, kai gr\u0105\u017einama nekokybi\u0161ka prek\u0117);<\/p>\n<p class=\"p3\">3.8.4. gr\u0105\u017einama prek\u0117 turi b\u016bti tos pa\u010dios komplektacijos, kokios buvo Pirk\u0117jo gauta;<\/p>\n<p class=\"p3\">3.8.5. gr\u0105\u017einant prek\u0119 b\u016btina pateikti jos \u012fsigijim\u0105 patvirtinan\u010di\u0105 PVM s\u0105skait\u0105 fakt\u016br\u0105, ir u\u017epildyti preki\u0173 gr\u0105\u017einimo pra\u0161ym\u0105.<\/p>\n<p class=\"p3\">3.9. Jeigu gr\u0105\u017einama prek\u0117 n\u0117ra pilnai sukomplektuota, yra sugadinta, netvarkinga ir \/ ar netinkamai supakuota, Pardav\u0117jas turi teis\u0119 nepriimti gr\u0105\u017einamos prek\u0117s ir negr\u0105\u017einti Pirk\u0117jo sumok\u0117t\u0173 pinig\u0173 u\u017e gr\u0105\u017einam\u0105 prek\u0119.<\/p>\n<p class=\"p3\">3.10. Pirk\u0117jas nekokybi\u0161k\u0173 preki\u0173 pardavimo atveju gali pra\u0161yti pakeisti netinkamos kokyb\u0117s prek\u0119 i\u0328 tinkam\u0105, suma\u017einti prek\u0117s kain\u0105, gr\u0105\u017einti prek\u0119 bei atgauti u\u017e j\u0105 sumok\u0117tus pinigus. Nekokybi\u0161k\u0173 preki\u0173 keitimas ir gr\u0105\u017einimas vykdomas \u0161i\u0173 Taisykli\u0173 ir Lietuvos Respublikos teis\u0117s akt\u0173 nustatyta tvarka.<\/p>\n<p class=\"p3\">3.11. Pirk\u0117jas negali gr\u0105\u017einti toki\u0173 preki\u0173, kuri\u0173 gr\u0105\u017einimo galimyb\u0117s nenumato Lietuvos Respublikos teis\u0117s aktai.<\/p>\n<p class=\"p3\">3.12 Esant nekokybi\u0161kai suteiktoms paslaugoms, Pirk\u0117jas turi teis\u0119 reikalauti pa\u0161alinti paslaug\u0173 teikimo tr\u016bkumus, gr\u0105\u017einti u\u017e paslaugas sumok\u0117t\u0105 kain\u0105, suma\u017einti paslaug\u0173 kain\u0105.<\/p>\n<p class=\"p3\"><b> 4. BAIGIAMOSIOS NUOSTATOS<\/b><\/p>\n<p class=\"p3\">4.1. \u0160ios Taisykl\u0117s yra reguliuojamos taikom\u0173 Lietuvos Respublikos ir Europos S\u0105jungos teis\u0117s akt\u0173.<\/p>\n<p class=\"p3\">4.2. Pardav\u0117jas turi teis\u0119 savo nuo\u017ei\u016bra, viena\u0161ali\u0161kai, be papildomo \u012fsp\u0117jimo pakeisti Taisykles. Pakeitimai \u012fsigalioja nuo j\u0173 patalpinimo E-parduotuv\u0117je momento ir yra privalomi Pirk\u0117jui, norin\u010diam naudotis E-parduotuve.<\/p>\n<p class=\"p3\">4.3. Pardav\u0117jas gali bet kuriuo metu perleisti savo teises ir pareigas, kylan\u010dias i\u0161 \u0161i\u0173 Taisykli\u0173 tretiesiems asmenims be Pirk\u0117jo sutikimo ir jam apie tai neprane\u0161\u0119s.<\/p>\n<p class=\"p3\">4.4. Tarp Pirk\u0117jo ir Pardav\u0117jo kilus nesutarimams, jie yra sprend\u017eiami deryb\u0173 b\u016bdu. \u0160alims nepavykus susitarti, gin\u010dai galutinai sprend\u017eiami Lietuvos Respublikos \u012fstatym\u0173 nustatyta tvarka.<\/p>\n<p class=\"p3\">4.5. Pirk\u0117jas-vartotojas pra\u0161ym\u0105 ir \/ ar skund\u0105 d\u0117l Parduotuv\u0117je \u012fsigytos prek\u0117s ar paslaugos gali pateikti Valstybinei vartotoj\u0173 teisi\u0173 apsaugos tarnybai (Vilniaus g. 25, 01402 Vilnius, tel. 8 5 262 67 51, faks. 8 5 279 1466, el. pa\u0161tu tarnyba@vvtat.lt, interneto svetain\u0117je www.vvtat.lt, jos teritoriniams padaliniams apskrityse) ar u\u017epildyti pra\u0161ymo form\u0105 Elektronin\u0117je vartotoj\u0173 gin\u010d\u0173 sprendimo platformoje, pasiekiamoje adresu http:\/\/ec.europa.eu\/odr\/. \u0160i s\u0105lyga Pirk\u0117jams \u2013 verslininkams netaikoma.<\/p>\n","protected":false},"excerpt":{"rendered":"<p>Aktuali Taisykli\u0173 redakcija 2022-11-30 1. S\u0104VOKOS 1.1. Pardav\u0117jas &#8211; UAB &#8220;Agroliux&#8221;, juridinio asmens kodas 302486002, adresas J. Janonio g. 30a, LT-35289, Panev\u0117\u017eys, PVM mok\u0117tojo kodas 100005212410. 1.2. E-parduotuv\u0117 &#8211; \u0161i elektronin\u0117 parduotuv\u0117, esanti adresu https:\/\/agroliux.lt. 1.3. J\u016bs \/ Pirk\u0117jas &#8211; fizinis asmuo, pagal galiojan\u010dius teis\u0117s aktus galintis sudaryti sandorius, kuris perka prekes asmeniniam vartojimui (ne [&hellip;]<\/p>\n","protected":false},"author":1,"featured_media":0,"parent":0,"menu_order":0,"comment_status":"closed","ping_status":"closed","template":"","meta":{"inline_featured_image":false,"footnotes":""},"class_list":["post-1381","page","type-page","status-publish","hentry"],"yoast_head":"<!-- This site is optimized with the Yoast SEO plugin v20.3 - https:\/\/yoast.com\/wordpress\/plugins\/seo\/ -->\n<title>Shipping &amp; Returns - Agroliux.lt<\/title>\n<meta name=\"robots\" content=\"index, follow, max-snippet:-1, max-image-preview:large, max-video-preview:-1\" \/>\n<link rel=\"canonical\" href=\"https:\/\/agroliux.lt\/en\/shipping-returns\/\" \/>\n<meta property=\"og:locale\" content=\"en_US\" \/>\n<meta property=\"og:type\" content=\"article\" \/>\n<meta property=\"og:title\" content=\"Shipping &amp; Returns - Agroliux.lt\" \/>\n<meta property=\"og:description\" content=\"Aktuali Taisykli\u0173 redakcija 2022-11-30 1. S\u0104VOKOS 1.1. Pardav\u0117jas &#8211; UAB &#8220;Agroliux&#8221;, juridinio asmens kodas 302486002, adresas J. Janonio g. 30a, LT-35289, Panev\u0117\u017eys, PVM mok\u0117tojo kodas 100005212410. 1.2. E-parduotuv\u0117 &#8211; \u0161i elektronin\u0117 parduotuv\u0117, esanti adresu https:\/\/agroliux.lt. 1.3. J\u016bs \/ Pirk\u0117jas &#8211; fizinis asmuo, pagal galiojan\u010dius teis\u0117s aktus galintis sudaryti sandorius, kuris perka prekes asmeniniam vartojimui (ne [&hellip;]\" \/>\n<meta property=\"og:url\" content=\"https:\/\/agroliux.lt\/en\/shipping-returns\/\" \/>\n<meta property=\"og:site_name\" content=\"Agroliux.lt\" \/>\n<meta property=\"article:modified_time\" content=\"2022-12-01T11:27:55+00:00\" \/>\n<meta name=\"twitter:card\" content=\"summary_large_image\" \/>\n<meta name=\"twitter:label1\" content=\"Est. reading time\" \/>\n\t<meta name=\"twitter:data1\" content=\"4 minutes\" \/>\n<script type=\"application\/ld+json\" class=\"yoast-schema-graph\">{\"@context\":\"https:\/\/schema.org\",\"@graph\":[{\"@type\":\"WebPage\",\"@id\":\"https:\/\/agroliux.lt\/en\/shipping-returns\/\",\"url\":\"https:\/\/agroliux.lt\/en\/shipping-returns\/\",\"name\":\"Shipping & Returns - Agroliux.lt\",\"isPartOf\":{\"@id\":\"https:\/\/agroliux.lt\/#website\"},\"datePublished\":\"2022-09-20T09:35:08+00:00\",\"dateModified\":\"2022-12-01T11:27:55+00:00\",\"breadcrumb\":{\"@id\":\"https:\/\/agroliux.lt\/en\/shipping-returns\/#breadcrumb\"},\"inLanguage\":\"en-US\",\"potentialAction\":[{\"@type\":\"ReadAction\",\"target\":[\"https:\/\/agroliux.lt\/en\/shipping-returns\/\"]}]},{\"@type\":\"BreadcrumbList\",\"@id\":\"https:\/\/agroliux.lt\/en\/shipping-returns\/#breadcrumb\",\"itemListElement\":[{\"@type\":\"ListItem\",\"position\":1,\"name\":\"Home\",\"item\":\"https:\/\/agroliux.lt\/en\/\"},{\"@type\":\"ListItem\",\"position\":2,\"name\":\"Shipping &#038; Returns\"}]},{\"@type\":\"WebSite\",\"@id\":\"https:\/\/agroliux.lt\/#website\",\"url\":\"https:\/\/agroliux.lt\/\",\"name\":\"Agroliux.lt\",\"description\":\"\",\"potentialAction\":[{\"@type\":\"SearchAction\",\"target\":{\"@type\":\"EntryPoint\",\"urlTemplate\":\"https:\/\/agroliux.lt\/?s={search_term_string}\"},\"query-input\":\"required name=search_term_string\"}],\"inLanguage\":\"en-US\"}]}<\/script>\n<!-- \/ Yoast SEO plugin. -->","yoast_head_json":{"title":"Shipping & Returns - Agroliux.lt","robots":{"index":"index","follow":"follow","max-snippet":"max-snippet:-1","max-image-preview":"max-image-preview:large","max-video-preview":"max-video-preview:-1"},"canonical":"https:\/\/agroliux.lt\/en\/shipping-returns\/","og_locale":"en_US","og_type":"article","og_title":"Shipping & Returns - Agroliux.lt","og_description":"Aktuali Taisykli\u0173 redakcija 2022-11-30 1. S\u0104VOKOS 1.1. Pardav\u0117jas &#8211; UAB &#8220;Agroliux&#8221;, juridinio asmens kodas 302486002, adresas J. Janonio g. 30a, LT-35289, Panev\u0117\u017eys, PVM mok\u0117tojo kodas 100005212410. 1.2. E-parduotuv\u0117 &#8211; \u0161i elektronin\u0117 parduotuv\u0117, esanti adresu https:\/\/agroliux.lt. 1.3. J\u016bs \/ Pirk\u0117jas &#8211; fizinis asmuo, pagal galiojan\u010dius teis\u0117s aktus galintis sudaryti sandorius, kuris perka prekes asmeniniam vartojimui (ne [&hellip;]","og_url":"https:\/\/agroliux.lt\/en\/shipping-returns\/","og_site_name":"Agroliux.lt","article_modified_time":"2022-12-01T11:27:55+00:00","twitter_card":"summary_large_image","twitter_misc":{"Est. reading time":"4 minutes"},"schema":{"@context":"https:\/\/schema.org","@graph":[{"@type":"WebPage","@id":"https:\/\/agroliux.lt\/en\/shipping-returns\/","url":"https:\/\/agroliux.lt\/en\/shipping-returns\/","name":"Shipping & Returns - Agroliux.lt","isPartOf":{"@id":"https:\/\/agroliux.lt\/#website"},"datePublished":"2022-09-20T09:35:08+00:00","dateModified":"2022-12-01T11:27:55+00:00","breadcrumb":{"@id":"https:\/\/agroliux.lt\/en\/shipping-returns\/#breadcrumb"},"inLanguage":"en-US","potentialAction":[{"@type":"ReadAction","target":["https:\/\/agroliux.lt\/en\/shipping-returns\/"]}]},{"@type":"BreadcrumbList","@id":"https:\/\/agroliux.lt\/en\/shipping-returns\/#breadcrumb","itemListElement":[{"@type":"ListItem","position":1,"name":"Home","item":"https:\/\/agroliux.lt\/en\/"},{"@type":"ListItem","position":2,"name":"Shipping &#038; Returns"}]},{"@type":"WebSite","@id":"https:\/\/agroliux.lt\/#website","url":"https:\/\/agroliux.lt\/","name":"Agroliux.lt","description":"","potentialAction":[{"@type":"SearchAction","target":{"@type":"EntryPoint","urlTemplate":"https:\/\/agroliux.lt\/?s={search_term_string}"},"query-input":"required name=search_term_string"}],"inLanguage":"en-US"}]}},"_links":{"self":[{"href":"https:\/\/agroliux.lt\/en\/wp-json\/wp\/v2\/pages\/1381","targetHints":{"allow":["GET"]}}],"collection":[{"href":"https:\/\/agroliux.lt\/en\/wp-json\/wp\/v2\/pages"}],"about":[{"href":"https:\/\/agroliux.lt\/en\/wp-json\/wp\/v2\/types\/page"}],"author":[{"embeddable":true,"href":"https:\/\/agroliux.lt\/en\/wp-json\/wp\/v2\/users\/1"}],"replies":[{"embeddable":true,"href":"https:\/\/agroliux.lt\/en\/wp-json\/wp\/v2\/comments?post=1381"}],"version-history":[{"count":0,"href":"https:\/\/agroliux.lt\/en\/wp-json\/wp\/v2\/pages\/1381\/revisions"}],"wp:attachment":[{"href":"https:\/\/agroliux.lt\/en\/wp-json\/wp\/v2\/media?parent=1381"}],"curies":[{"name":"wp","href":"https:\/\/api.w.org\/{rel}","templated":true}]}}